{"id":14,"date":"2025-12-17T01:24:17","date_gmt":"2025-12-17T01:24:17","guid":{"rendered":"https:\/\/multiservicespasteur.fr\/?page_id=14"},"modified":"2025-12-24T04:28:17","modified_gmt":"2025-12-24T04:28:17","slug":"services","status":"publish","type":"page","link":"https:\/\/multiservicespasteur.fr\/index.php\/services\/","title":{"rendered":"Services"},"content":{"rendered":"\t\t<div data-elementor-type=\"wp-page\" data-elementor-id=\"14\" class=\"elementor elementor-14\">\n\t\t\t\t<div class=\"elementor-element elementor-element-4e07dbf1 e-con-full e-flex e-con e-parent\" data-id=\"4e07dbf1\" data-element_type=\"container\" data-settings=\"{&quot;background_background&quot;:&quot;classic&quot;}\">\n\t\t<div class=\"elementor-element elementor-element-482b3069 e-con-full e-flex e-con e-child\" data-id=\"482b3069\" data-element_type=\"container\">\n\t\t\t\t<div class=\"elementor-element elementor-element-ff55095 elementor-widget elementor-widget-image\" data-id=\"ff55095\" data-element_type=\"widget\" data-widget_type=\"image.default\">\n\t\t\t\t\t\t\t\t\t\t\t\t\t\t\t<img fetchpriority=\"high\" decoding=\"async\" width=\"768\" height=\"439\" src=\"https:\/\/multiservicespasteur.fr\/wp-content\/uploads\/2025\/12\/artisan-cordonnier-reparation-chaussure-haut-de-gamme-768x439-1.webp\" class=\"attachment-large size-large wp-image-524\" alt=\"\" srcset=\"https:\/\/multiservicespasteur.fr\/wp-content\/uploads\/2025\/12\/artisan-cordonnier-reparation-chaussure-haut-de-gamme-768x439-1.webp 768w, https:\/\/multiservicespasteur.fr\/wp-content\/uploads\/2025\/12\/artisan-cordonnier-reparation-chaussure-haut-de-gamme-768x439-1-300x171.webp 300w\" sizes=\"(max-width: 768px) 100vw, 768px\" \/>\t\t\t\t\t\t\t\t\t\t\t\t\t\t\t<\/div>\n\t\t\t\t<\/div>\n\t\t<div class=\"elementor-element elementor-element-249d3f56 e-con-full e-flex e-con e-child\" data-id=\"249d3f56\" data-element_type=\"container\">\n\t\t\t\t<div class=\"elementor-element elementor-element-5cc77c6c elementor-widget elementor-widget-heading\" data-id=\"5cc77c6c\" data-element_type=\"widget\" data-widget_type=\"heading.default\">\n\t\t\t\t\t<h1 class=\"elementor-heading-title elementor-size-default\">Services annexes<\/h1>\t\t\t\t<\/div>\n\t\t\t\t<div class=\"elementor-element elementor-element-136e4deb elementor-widget elementor-widget-text-editor\" data-id=\"136e4deb\" data-element_type=\"widget\" data-widget_type=\"text-editor.default\">\n\t\t\t\t\t\t\t\t\t<p>Retrouvez nos autres services ci-dessous..<\/p>\t\t\t\t\t\t\t\t<\/div>\n\t\t\t\t<\/div>\n\t\t\t\t<\/div>\n\t\t<div class=\"elementor-element elementor-element-3dbd8fe8 e-con-full e-flex e-con e-parent\" data-id=\"3dbd8fe8\" data-element_type=\"container\" data-settings=\"{&quot;background_background&quot;:&quot;classic&quot;}\">\n\t\t<div class=\"elementor-element elementor-element-55bc555b e-con-full e-flex e-con e-child\" data-id=\"55bc555b\" data-element_type=\"container\">\n\t\t\t\t<div class=\"elementor-element elementor-element-2c5b96cb elementor-widget elementor-widget-heading\" data-id=\"2c5b96cb\" data-element_type=\"widget\" data-widget_type=\"heading.default\">\n\t\t\t\t\t<h2 class=\"elementor-heading-title elementor-size-default\">Automobile<\/h2>\t\t\t\t<\/div>\n\t\t\t\t<div class=\"elementor-element elementor-element-40bb0019 elementor-widget elementor-widget-text-editor\" data-id=\"40bb0019\" data-element_type=\"widget\" data-widget_type=\"text-editor.default\">\n\t\t\t\t\t\t\t\t\t<p>Votre cl\u00e9 de voiture est perdue, cass\u00e9e ou ne fonctionne plus ? Notre serrurier sp\u00e9cialis\u00e9 en cl\u00e9s automobiles prend en charge <strong data-start=\"220\" data-end=\"267\" data-is-only-node=\"\">toutes les r\u00e9parations et services associ\u00e9s<\/strong> : reproduction de cl\u00e9s, r\u00e9paration de t\u00e9l\u00e9commandes, reprogrammation de cl\u00e9s et de cartes, remplacement de bo\u00eetiers, ouverture de v\u00e9hicule sans d\u00e9g\u00e2ts et solutions en cas de perte totale.<\/p>\t\t\t\t\t\t\t\t<\/div>\n\t\t\t\t<\/div>\n\t\t<div class=\"elementor-element elementor-element-7f6a5014 e-con-full e-flex e-con e-child\" data-id=\"7f6a5014\" data-element_type=\"container\">\n\t\t\t\t<div class=\"elementor-element elementor-element-6d1507b8 elementor-widget elementor-widget-image\" data-id=\"6d1507b8\" data-element_type=\"widget\" data-widget_type=\"image.default\">\n\t\t\t\t\t\t\t\t\t\t\t\t\t\t\t<img decoding=\"async\" width=\"800\" height=\"533\" src=\"https:\/\/multiservicespasteur.fr\/wp-content\/uploads\/2025\/12\/5b5a0b5885f4-Copie.jpg\" class=\"attachment-large size-large wp-image-429\" alt=\"\" srcset=\"https:\/\/multiservicespasteur.fr\/wp-content\/uploads\/2025\/12\/5b5a0b5885f4-Copie.jpg 800w, https:\/\/multiservicespasteur.fr\/wp-content\/uploads\/2025\/12\/5b5a0b5885f4-Copie-300x200.jpg 300w, https:\/\/multiservicespasteur.fr\/wp-content\/uploads\/2025\/12\/5b5a0b5885f4-Copie-768x512.jpg 768w\" sizes=\"(max-width: 800px) 100vw, 800px\" \/>\t\t\t\t\t\t\t\t\t\t\t\t\t\t\t<\/div>\n\t\t\t\t<\/div>\n\t\t\t\t<\/div>\n\t\t<div class=\"elementor-element elementor-element-126683f2 e-con-full e-flex e-con e-parent\" data-id=\"126683f2\" data-element_type=\"container\" data-settings=\"{&quot;background_background&quot;:&quot;classic&quot;}\">\n\t\t<div class=\"elementor-element elementor-element-24a88fd7 e-con-full e-flex e-con e-child\" data-id=\"24a88fd7\" data-element_type=\"container\">\n\t\t\t\t<div class=\"elementor-element elementor-element-6c5bf00c elementor-widget elementor-widget-heading\" data-id=\"6c5bf00c\" data-element_type=\"widget\" data-widget_type=\"heading.default\">\n\t\t\t\t\t<h2 class=\"elementor-heading-title elementor-size-default\">Blindage de portes<\/h2>\t\t\t\t<\/div>\n\t\t\t\t<div class=\"elementor-element elementor-element-540fb902 elementor-widget elementor-widget-text-editor\" data-id=\"540fb902\" data-element_type=\"widget\" data-widget_type=\"text-editor.default\">\n\t\t\t\t\t\t\t\t\t<p>Renforcez la s\u00e9curit\u00e9 de votre logement sans remplacer votre porte. Nous r\u00e9alisons le <strong data-start=\"186\" data-end=\"218\" data-is-only-node=\"\">blindage de porte sur mesure<\/strong> : pose de plaques en acier, renforcement du b\u00e2ti, installation de serrures haute s\u00e9curit\u00e9 et finitions soign\u00e9es. Une solution efficace pour prot\u00e9ger votre habitation contre les tentatives d\u2019effraction tout en conservant l\u2019esth\u00e9tique de votre porte existante.<\/p>\t\t\t\t\t\t\t\t<\/div>\n\t\t\t\t<\/div>\n\t\t<div class=\"elementor-element elementor-element-2e5cfa00 e-con-full e-flex e-con e-child\" data-id=\"2e5cfa00\" data-element_type=\"container\">\n\t\t\t\t<div class=\"elementor-element elementor-element-5afa3988 elementor-widget elementor-widget-image\" data-id=\"5afa3988\" data-element_type=\"widget\" data-widget_type=\"image.default\">\n\t\t\t\t\t\t\t\t\t\t\t\t\t\t\t<img decoding=\"async\" width=\"970\" height=\"529\" src=\"https:\/\/multiservicespasteur.fr\/wp-content\/uploads\/2025\/12\/porte-blindee-la-maison-saint-gobain-01.jpg\" class=\"attachment-large size-large wp-image-430\" alt=\"\" srcset=\"https:\/\/multiservicespasteur.fr\/wp-content\/uploads\/2025\/12\/porte-blindee-la-maison-saint-gobain-01.jpg 970w, https:\/\/multiservicespasteur.fr\/wp-content\/uploads\/2025\/12\/porte-blindee-la-maison-saint-gobain-01-300x164.jpg 300w, https:\/\/multiservicespasteur.fr\/wp-content\/uploads\/2025\/12\/porte-blindee-la-maison-saint-gobain-01-768x419.jpg 768w\" sizes=\"(max-width: 970px) 100vw, 970px\" \/>\t\t\t\t\t\t\t\t\t\t\t\t\t\t\t<\/div>\n\t\t\t\t<\/div>\n\t\t\t\t<\/div>\n\t\t<div class=\"elementor-element elementor-element-6c270c97 e-con-full e-flex e-con e-parent\" data-id=\"6c270c97\" data-element_type=\"container\" data-settings=\"{&quot;background_background&quot;:&quot;classic&quot;}\">\n\t\t<div class=\"elementor-element elementor-element-50e4354a e-con-full e-flex e-con e-child\" data-id=\"50e4354a\" data-element_type=\"container\">\n\t\t\t\t<div class=\"elementor-element elementor-element-38d3ee18 elementor-widget elementor-widget-heading\" data-id=\"38d3ee18\" data-element_type=\"widget\" data-widget_type=\"heading.default\">\n\t\t\t\t\t<h2 class=\"elementor-heading-title elementor-size-default\">Plaque immatriculation AUTO\/MOTO<\/h2>\t\t\t\t<\/div>\n\t\t\t\t<div class=\"elementor-element elementor-element-7d904f31 elementor-widget elementor-widget-text-editor\" data-id=\"7d904f31\" data-element_type=\"widget\" data-widget_type=\"text-editor.default\">\n\t\t\t\t\t\t\t\t\t<p>Nous r\u00e9alisons vos <strong data-start=\"135\" data-end=\"176\" data-is-only-node=\"\">plaques d\u2019immatriculation homologu\u00e9es<\/strong> pour voitures, motos et utilitaires. Fabrication rapide, respect des normes en vigueur, pose possible sur place et finitions de qualit\u00e9. Remplacement de plaques ab\u00eem\u00e9es, illisibles ou non conformes, avec un service fiable et imm\u00e9diat.<\/p>\t\t\t\t\t\t\t\t<\/div>\n\t\t\t\t<\/div>\n\t\t<div class=\"elementor-element elementor-element-3dc08e18 e-con-full e-flex e-con e-child\" data-id=\"3dc08e18\" data-element_type=\"container\">\n\t\t\t\t<div class=\"elementor-element elementor-element-6b8f8e4b elementor-widget elementor-widget-image\" data-id=\"6b8f8e4b\" data-element_type=\"widget\" data-widget_type=\"image.default\">\n\t\t\t\t\t\t\t\t\t\t\t\t\t\t\t<img loading=\"lazy\" decoding=\"async\" width=\"1024\" height=\"683\" src=\"https:\/\/multiservicespasteur.fr\/wp-content\/uploads\/2025\/12\/25151666lpw-25151744-article-jpg_9749302-1024x683.webp\" class=\"attachment-large size-large wp-image-447\" alt=\"\" srcset=\"https:\/\/multiservicespasteur.fr\/wp-content\/uploads\/2025\/12\/25151666lpw-25151744-article-jpg_9749302-1024x683.webp 1024w, https:\/\/multiservicespasteur.fr\/wp-content\/uploads\/2025\/12\/25151666lpw-25151744-article-jpg_9749302-300x200.webp 300w, https:\/\/multiservicespasteur.fr\/wp-content\/uploads\/2025\/12\/25151666lpw-25151744-article-jpg_9749302-768x512.webp 768w, https:\/\/multiservicespasteur.fr\/wp-content\/uploads\/2025\/12\/25151666lpw-25151744-article-jpg_9749302.webp 1440w\" sizes=\"(max-width: 1024px) 100vw, 1024px\" \/>\t\t\t\t\t\t\t\t\t\t\t\t\t\t\t<\/div>\n\t\t\t\t<\/div>\n\t\t\t\t<\/div>\n\t\t<div class=\"elementor-element elementor-element-67931f51 e-con-full e-flex e-con e-parent\" data-id=\"67931f51\" data-element_type=\"container\">\n\t\t\t\t<div class=\"elementor-element elementor-element-9b674a2 elementor-widget elementor-widget-heading\" data-id=\"9b674a2\" data-element_type=\"widget\" data-widget_type=\"heading.default\">\n\t\t\t\t\t<h3 class=\"elementor-heading-title elementor-size-default\">FAQ<\/h3>\t\t\t\t<\/div>\n\t\t<div class=\"elementor-element elementor-element-3486fe76 e-con-full e-flex e-con e-child\" data-id=\"3486fe76\" data-element_type=\"container\">\n\t\t\t\t<div class=\"elementor-element elementor-element-64c920a9 elementor-widget__width-inherit elementor-widget elementor-widget-toggle\" data-id=\"64c920a9\" data-element_type=\"widget\" data-widget_type=\"toggle.default\">\n\t\t\t\t\t\t\t<div class=\"elementor-toggle\">\n\t\t\t\t\t\t\t<div class=\"elementor-toggle-item\">\n\t\t\t\t\t<h4 id=\"elementor-tab-title-1691\" class=\"elementor-tab-title\" data-tab=\"1\" role=\"button\" aria-controls=\"elementor-tab-content-1691\" aria-expanded=\"false\">\n\t\t\t\t\t\t\t\t\t\t\t\t<a class=\"elementor-toggle-title\" tabindex=\"0\">Puis-je payer directement en ligne?<\/a>\n\t\t\t\t\t<\/h4>\n\n\t\t\t\t\t<div id=\"elementor-tab-content-1691\" class=\"elementor-tab-content elementor-clearfix\" data-tab=\"1\" role=\"region\" aria-labelledby=\"elementor-tab-title-1691\"><p>Malheureusement, non, il faudra d&rsquo;abord nous contacter au num\u00e9ro indiqu\u00e9 pour r\u00e9aliser votre devis.<\/p><\/div>\n\t\t\t\t<\/div>\n\t\t\t\t\t\t\t<div class=\"elementor-toggle-item\">\n\t\t\t\t\t<h4 id=\"elementor-tab-title-1692\" class=\"elementor-tab-title\" data-tab=\"2\" role=\"button\" aria-controls=\"elementor-tab-content-1692\" aria-expanded=\"false\">\n\t\t\t\t\t\t\t\t\t\t\t\t<a class=\"elementor-toggle-title\" tabindex=\"0\">Intervenez-vous en urgence ?<\/a>\n\t\t\t\t\t<\/h4>\n\n\t\t\t\t\t<div id=\"elementor-tab-content-1692\" class=\"elementor-tab-content elementor-clearfix\" data-tab=\"2\" role=\"region\" aria-labelledby=\"elementor-tab-title-1692\"><p>Oui, nous intervenons rapidement pour les urgences : porte bloqu\u00e9e, cl\u00e9 perdue ou cass\u00e9e, probl\u00e8me de cl\u00e9 automobile.<\/p><\/div>\n\t\t\t\t<\/div>\n\t\t\t\t\t\t\t<div class=\"elementor-toggle-item\">\n\t\t\t\t\t<h4 id=\"elementor-tab-title-1693\" class=\"elementor-tab-title\" data-tab=\"3\" role=\"button\" aria-controls=\"elementor-tab-content-1693\" aria-expanded=\"false\">\n\t\t\t\t\t\t\t\t\t\t\t\t<a class=\"elementor-toggle-title\" tabindex=\"0\">Les plaques d\u2019immatriculation sont-elles homologu\u00e9es ?<\/a>\n\t\t\t\t\t<\/h4>\n\n\t\t\t\t\t<div id=\"elementor-tab-content-1693\" class=\"elementor-tab-content elementor-clearfix\" data-tab=\"3\" role=\"region\" aria-labelledby=\"elementor-tab-title-1693\"><p>Oui, toutes nos plaques respectent les normes l\u00e9gales en vigueur et sont conformes \u00e0 l\u2019homologation fran\u00e7aise.<\/p><\/div>\n\t\t\t\t<\/div>\n\t\t\t\t\t\t\t<div class=\"elementor-toggle-item\">\n\t\t\t\t\t<h4 id=\"elementor-tab-title-1694\" class=\"elementor-tab-title\" data-tab=\"4\" role=\"button\" aria-controls=\"elementor-tab-content-1694\" aria-expanded=\"false\">\n\t\t\t\t\t\t\t\t\t\t\t\t<a class=\"elementor-toggle-title\" tabindex=\"0\">Faites-vous la pose des plaques sur place ?<\/a>\n\t\t\t\t\t<\/h4>\n\n\t\t\t\t\t<div id=\"elementor-tab-content-1694\" class=\"elementor-tab-content elementor-clearfix\" data-tab=\"4\" role=\"region\" aria-labelledby=\"elementor-tab-title-1694\"><p>Oui, la fabrication et la pose peuvent \u00eatre r\u00e9alis\u00e9es directement sur place.<\/p><\/div>\n\t\t\t\t<\/div>\n\t\t\t\t\t\t\t<div class=\"elementor-toggle-item\">\n\t\t\t\t\t<h4 id=\"elementor-tab-title-1695\" class=\"elementor-tab-title\" data-tab=\"5\" role=\"button\" aria-controls=\"elementor-tab-content-1695\" aria-expanded=\"false\">\n\t\t\t\t\t\t\t\t\t\t\t\t<a class=\"elementor-toggle-title\" tabindex=\"0\">Vos devis sont-ils gratuits ?<\/a>\n\t\t\t\t\t<\/h4>\n\n\t\t\t\t\t<div id=\"elementor-tab-content-1695\" class=\"elementor-tab-content elementor-clearfix\" data-tab=\"5\" role=\"region\" aria-labelledby=\"elementor-tab-title-1695\"><p>Oui, nous proposons des devis gratuits et transparents avant toute intervention.<\/p><\/div>\n\t\t\t\t<\/div>\n\t\t\t\t\t\t\t<div class=\"elementor-toggle-item\">\n\t\t\t\t\t<h4 id=\"elementor-tab-title-1696\" class=\"elementor-tab-title\" data-tab=\"6\" role=\"button\" aria-controls=\"elementor-tab-content-1696\" aria-expanded=\"false\">\n\t\t\t\t\t\t\t\t\t\t\t\t<a class=\"elementor-toggle-title\" tabindex=\"0\">Travaillez-vous sur toutes les marques de v\u00e9hicules ?<\/a>\n\t\t\t\t\t<\/h4>\n\n\t\t\t\t\t<div id=\"elementor-tab-content-1696\" class=\"elementor-tab-content elementor-clearfix\" data-tab=\"6\" role=\"region\" aria-labelledby=\"elementor-tab-title-1696\"><p>Nous intervenons sur la majorit\u00e9 des marques de voitures, utilitaires et motos.<\/p><\/div>\n\t\t\t\t<\/div>\n\t\t\t\t\t\t\t\t<\/div>\n\t\t\t\t\t\t<\/div>\n\t\t\t\t<\/div>\n\t\t\t\t<\/div>\n\t\t<div class=\"elementor-element elementor-element-60d4320 e-flex e-con-boxed e-con e-parent\" data-id=\"60d4320\" data-element_type=\"container\">\n\t\t\t\t\t<div class=\"e-con-inner\">\n\t\t<footer class=\"elementor-element elementor-element-22c512f e-con-full e-flex e-con e-child\" data-id=\"22c512f\" data-element_type=\"container\">\n\t\t<div class=\"elementor-element elementor-element-5c60d5f e-con-full e-flex e-con e-child\" data-id=\"5c60d5f\" data-element_type=\"container\">\n\t\t\t\t<\/div>\n\t\t<div class=\"elementor-element elementor-element-c50ce63 e-con-full e-flex e-con e-child\" data-id=\"c50ce63\" data-element_type=\"container\">\n\t\t\t\t<div class=\"elementor-element elementor-element-9fd51db elementor-icon-list--layout-inline elementor-tablet-align-center elementor-align-center elementor-list-item-link-full_width elementor-widget elementor-widget-icon-list\" data-id=\"9fd51db\" data-element_type=\"widget\" data-widget_type=\"icon-list.default\">\n\t\t\t\t\t\t\t<ul class=\"elementor-icon-list-items elementor-inline-items\">\n\t\t\t\t\t\t\t<li class=\"elementor-icon-list-item elementor-inline-item\">\n\t\t\t\t\t\t\t\t\t\t<span class=\"elementor-icon-list-text\">01.41.59.59.65<\/span>\n\t\t\t\t\t\t\t\t\t<\/li>\n\t\t\t\t\t\t\t\t<li class=\"elementor-icon-list-item elementor-inline-item\">\n\t\t\t\t\t\t\t\t\t\t<span class=\"elementor-icon-list-text\">25 avenue Pasteur, Tremblay-en-France<\/span>\n\t\t\t\t\t\t\t\t\t<\/li>\n\t\t\t\t\t\t\t\t<li class=\"elementor-icon-list-item elementor-inline-item\">\n\t\t\t\t\t\t\t\t\t\t<span class=\"elementor-icon-list-text\">Mardi-Dim 8:30H -12:30 | 14:00 - 19:00H<\/span>\n\t\t\t\t\t\t\t\t\t<\/li>\n\t\t\t\t\t\t<\/ul>\n\t\t\t\t\t\t<\/div>\n\t\t\t\t<\/div>\n\t\t<div class=\"elementor-element elementor-element-1e6d828 e-con-full e-flex e-con e-child\" data-id=\"1e6d828\" data-element_type=\"container\">\n\t\t\t\t<div class=\"elementor-element elementor-element-fb4608f e-grid-align-right e-grid-align-tablet-right e-grid-align-mobile-center elementor-widget-mobile__width-inherit elementor-shape-rounded elementor-grid-0 elementor-widget elementor-widget-social-icons\" data-id=\"fb4608f\" data-element_type=\"widget\" data-widget_type=\"social-icons.default\">\n\t\t\t\t\t\t\t<div class=\"elementor-social-icons-wrapper elementor-grid\" role=\"list\">\n\t\t\t\t\t\t\t<span class=\"elementor-grid-item\" role=\"listitem\">\n\t\t\t\t\t<a class=\"elementor-icon elementor-social-icon elementor-social-icon-facebook-f elementor-repeater-item-3f1b7ac\" target=\"_blank\">\n\t\t\t\t\t\t<span class=\"elementor-screen-only\">Facebook-f<\/span>\n\t\t\t\t\t\t<svg aria-hidden=\"true\" class=\"e-font-icon-svg e-fab-facebook-f\" viewBox=\"0 0 320 512\" xmlns=\"http:\/\/www.w3.org\/2000\/svg\"><path d=\"M279.14 288l14.22-92.66h-88.91v-60.13c0-25.35 12.42-50.06 52.24-50.06h40.42V6.26S260.43 0 225.36 0c-73.22 0-121.08 44.38-121.08 124.72v70.62H22.89V288h81.39v224h100.17V288z\"><\/path><\/svg>\t\t\t\t\t<\/a>\n\t\t\t\t<\/span>\n\t\t\t\t\t\t\t<span class=\"elementor-grid-item\" role=\"listitem\">\n\t\t\t\t\t<a class=\"elementor-icon elementor-social-icon elementor-social-icon- elementor-repeater-item-5c0ce3c\" target=\"_blank\">\n\t\t\t\t\t\t<span class=\"elementor-screen-only\"><\/span>\n\t\t\t\t\t\t\t\t\t\t\t<\/a>\n\t\t\t\t<\/span>\n\t\t\t\t\t\t\t<span class=\"elementor-grid-item\" role=\"listitem\">\n\t\t\t\t\t<a class=\"elementor-icon elementor-social-icon elementor-social-icon-twitter elementor-repeater-item-828f132\" target=\"_blank\">\n\t\t\t\t\t\t<span class=\"elementor-screen-only\">Twitter<\/span>\n\t\t\t\t\t\t<svg aria-hidden=\"true\" class=\"e-font-icon-svg e-fab-twitter\" viewBox=\"0 0 512 512\" xmlns=\"http:\/\/www.w3.org\/2000\/svg\"><path d=\"M459.37 151.716c.325 4.548.325 9.097.325 13.645 0 138.72-105.583 298.558-298.558 298.558-59.452 0-114.68-17.219-161.137-47.106 8.447.974 16.568 1.299 25.34 1.299 49.055 0 94.213-16.568 130.274-44.832-46.132-.975-84.792-31.188-98.112-72.772 6.498.974 12.995 1.624 19.818 1.624 9.421 0 18.843-1.3 27.614-3.573-48.081-9.747-84.143-51.98-84.143-102.985v-1.299c13.969 7.797 30.214 12.67 47.431 13.319-28.264-18.843-46.781-51.005-46.781-87.391 0-19.492 5.197-37.36 14.294-52.954 51.655 63.675 129.3 105.258 216.365 109.807-1.624-7.797-2.599-15.918-2.599-24.04 0-57.828 46.782-104.934 104.934-104.934 30.213 0 57.502 12.67 76.67 33.137 23.715-4.548 46.456-13.32 66.599-25.34-7.798 24.366-24.366 44.833-46.132 57.827 21.117-2.273 41.584-8.122 60.426-16.243-14.292 20.791-32.161 39.308-52.628 54.253z\"><\/path><\/svg>\t\t\t\t\t<\/a>\n\t\t\t\t<\/span>\n\t\t\t\t\t<\/div>\n\t\t\t\t\t\t<\/div>\n\t\t\t\t<\/div>\n\t\t\t\t<\/footer>\n\t\t\t\t\t<\/div>\n\t\t\t\t<\/div>\n\t\t\t\t<\/div>\n\t\t","protected":false},"excerpt":{"rendered":"<p>Services annexes Retrouvez nos autres services ci-dessous.. Automobile Votre cl\u00e9 de voiture est perdue, cass\u00e9e ou ne fonctionne plus ? [&hellip;]<\/p>\n","protected":false},"author":1,"featured_media":0,"parent":0,"menu_order":0,"comment_status":"closed","ping_status":"closed","template":"elementor_header_footer","meta":{"site-sidebar-layout":"no-sidebar","site-content-layout":"","ast-site-content-layout":"full-width-container","site-content-style":"default","site-sidebar-style":"default","ast-global-header-display":"","ast-banner-title-visibility":"","ast-main-header-display":"","ast-hfb-above-header-display":"","ast-hfb-below-header-display":"","ast-hfb-mobile-header-display":"","site-post-title":"","ast-breadcrumbs-content":"","ast-featured-img":"disabled","footer-sml-layout":"","ast-disable-related-posts":"","theme-transparent-header-meta":"","adv-header-id-meta":"","stick-header-meta":"","header-above-stick-meta":"","header-main-stick-meta":"","header-below-stick-meta":"","astra-migrate-meta-layouts":"default","ast-page-background-enabled":"default","ast-page-background-meta":{"desktop":{"background-color":"var(--ast-global-color-5)","background-image":"","background-repeat":"repeat","background-position":"center center","background-size":"auto","background-attachment":"scroll","background-type":"","background-media":"","overlay-type":"","overlay-color":"","overlay-opacity":"","overlay-gradient":""},"tablet":{"background-color":"","background-image":"","background-repeat":"repeat","background-position":"center center","background-size":"auto","background-attachment":"scroll","background-type":"","background-media":"","overlay-type":"","overlay-color":"","overlay-opacity":"","overlay-gradient":""},"mobile":{"background-color":"","background-image":"","background-repeat":"repeat","background-position":"center center","background-size":"auto","background-attachment":"scroll","background-type":"","background-media":"","overlay-type":"","overlay-color":"","overlay-opacity":"","overlay-gradient":""}},"ast-content-background-meta":{"desktop":{"background-color":"var(--ast-global-color-4)","background-image":"","background-repeat":"repeat","background-position":"center center","background-size":"auto","background-attachment":"scroll","background-type":"","background-media":"","overlay-type":"","overlay-color":"","overlay-opacity":"","overlay-gradient":""},"tablet":{"background-color":"var(--ast-global-color-4)","background-image":"","background-repeat":"repeat","background-position":"center center","background-size":"auto","background-attachment":"scroll","background-type":"","background-media":"","overlay-type":"","overlay-color":"","overlay-opacity":"","overlay-gradient":""},"mobile":{"background-color":"var(--ast-global-color-4)","background-image":"","background-repeat":"repeat","background-position":"center center","background-size":"auto","background-attachment":"scroll","background-type":"","background-media":"","overlay-type":"","overlay-color":"","overlay-opacity":"","overlay-gradient":""}},"footnotes":""},"class_list":["post-14","page","type-page","status-publish","hentry"],"_links":{"self":[{"href":"https:\/\/multiservicespasteur.fr\/index.php\/wp-json\/wp\/v2\/pages\/14","targetHints":{"allow":["GET"]}}],"collection":[{"href":"https:\/\/multiservicespasteur.fr\/index.php\/wp-json\/wp\/v2\/pages"}],"about":[{"href":"https:\/\/multiservicespasteur.fr\/index.php\/wp-json\/wp\/v2\/types\/page"}],"author":[{"embeddable":true,"href":"https:\/\/multiservicespasteur.fr\/index.php\/wp-json\/wp\/v2\/users\/1"}],"replies":[{"embeddable":true,"href":"https:\/\/multiservicespasteur.fr\/index.php\/wp-json\/wp\/v2\/comments?post=14"}],"version-history":[{"count":85,"href":"https:\/\/multiservicespasteur.fr\/index.php\/wp-json\/wp\/v2\/pages\/14\/revisions"}],"predecessor-version":[{"id":620,"href":"https:\/\/multiservicespasteur.fr\/index.php\/wp-json\/wp\/v2\/pages\/14\/revisions\/620"}],"wp:attachment":[{"href":"https:\/\/multiservicespasteur.fr\/index.php\/wp-json\/wp\/v2\/media?parent=14"}],"curies":[{"name":"wp","href":"https:\/\/api.w.org\/{rel}","templated":true}]}}